{"id":2995,"date":"2026-02-06T10:48:27","date_gmt":"2026-02-06T07:48:27","guid":{"rendered":"https:\/\/olivin.webty.site\/?page_id=11"},"modified":"2026-02-06T10:48:28","modified_gmt":"2026-02-06T07:48:28","slug":"hakkimizda","status":"publish","type":"page","link":"https:\/\/www.rehberlik.org.tr\/index.php\/hakkimizda\/","title":{"rendered":"Hakk\u0131m\u0131zda"},"content":{"rendered":"<p data-path-to-node=\"4\"><b data-path-to-node=\"4\" data-index-in-node=\"0\">E\u011fitim yolculu\u011fumuz, 15 y\u0131l \u00f6nce bitmek bilmeyen bir \u00f6\u011frenme merak\u0131 ve her \u00f6\u011frencinin i\u00e7indeki potansiyeli ke\u015ffetme tutkusuyla ba\u015flad\u0131.<\/b> Bir e\u011fitim idarecisi olarak ge\u00e7en y\u0131llar\u0131mda, e\u011fitimin sadece binalardan ve m\u00fcfredatlardan ibaret olmad\u0131\u011f\u0131n\u0131; as\u0131l meselenin insan\u0131n gelece\u011fine dokunmak oldu\u011funu \u00f6\u011frendim.<\/p>\n<p data-path-to-node=\"5\"><b data-path-to-node=\"5\" data-index-in-node=\"0\">Neden Buraday\u0131z?<\/b> Sadece bir hizmet sunman\u0131n \u00f6tesinde, her bireyin kendi hikayesinde rehberlik etmek ve onlara ilham veren bir yol arkada\u015f\u0131 olmak en b\u00fcy\u00fck motivasyonum. Bir rehber ve e\u011fitim ko\u00e7u olarak, s\u0131radan \u00f6\u011frenme modellerinin \u00f6tesine ge\u00e7meyi, yarat\u0131c\u0131 d\u00fc\u015f\u00fcnmeyi ve her \u00f6\u011frencimle\/dan\u0131\u015fan\u0131mla ger\u00e7ek bir g\u00fcven ba\u011f\u0131 kurmay\u0131 \u00f6nemsiyorum. \u0130nand\u0131\u011f\u0131m de\u011ferleri uzmanl\u0131\u011f\u0131mla birle\u015ftirerek, e\u011fitim d\u00fcnyas\u0131nda anlaml\u0131 bir iz b\u0131rakmay\u0131 ama\u00e7l\u0131yorum.<\/p>\n<p data-path-to-node=\"6\"><b data-path-to-node=\"6\" data-index-in-node=\"0\">Vizyonumuz<\/b> Geli\u015fimin bir var\u0131\u015f noktas\u0131 de\u011fil, bir yolculuk oldu\u011funa inan\u0131yorum. 15 y\u0131ll\u0131k tecr\u00fcbemle; karma\u015f\u0131k s\u00fcre\u00e7leri profesyonel bir idareci g\u00f6z\u00fcyle planlarken, bir ko\u00e7un samimiyetiyle de bireylerin hayallerine e\u015flik ediyorum. Burada sadece bir dan\u0131\u015fmanl\u0131k de\u011fil; ortak bir gelecek vizyonu, b\u00fcy\u00fck bir heyecan ve birlikte b\u00fcy\u00fcme s\u00f6z\u00fc payla\u015f\u0131yoruz.<\/p>\n","protected":false},"excerpt":{"rendered":"<p>E\u011fitim yolculu\u011fumuz, 15 y\u0131l \u00f6nce bitmek bilmeyen bir \u00f6\u011frenme merak\u0131 ve her \u00f6\u011frencinin i\u00e7indeki potansiyeli ke\u015ffetme tutkusuyla ba\u015flad\u0131. Bir e\u011fitim idarecisi olarak ge\u00e7en y\u0131llar\u0131mda, e\u011fitimin sadece binalardan ve m\u00fcfredatlardan ibaret olmad\u0131\u011f\u0131n\u0131; as\u0131l meselenin insan\u0131n gelece\u011fine dokunmak oldu\u011funu \u00f6\u011frendim. Neden Buraday\u0131z? Sadece bir hizmet sunman\u0131n \u00f6tesinde, her bireyin kendi hikayesinde rehberlik etmek ve onlara ilham veren [&hellip;]<\/p>\n","protected":false},"author":1,"featured_media":0,"parent":0,"menu_order":0,"comment_status":"closed","ping_status":"closed","template":"","meta":{"footnotes":""},"class_list":["post-2995","page","type-page","status-publish","hentry"],"_links":{"self":[{"href":"https:\/\/www.rehberlik.org.tr\/index.php\/wp-json\/wp\/v2\/pages\/2995","targetHints":{"allow":["GET"]}}],"collection":[{"href":"https:\/\/www.rehberlik.org.tr\/index.php\/wp-json\/wp\/v2\/pages"}],"about":[{"href":"https:\/\/www.rehberlik.org.tr\/index.php\/wp-json\/wp\/v2\/types\/page"}],"author":[{"embeddable":true,"href":"https:\/\/www.rehberlik.org.tr\/index.php\/wp-json\/wp\/v2\/users\/1"}],"replies":[{"embeddable":true,"href":"https:\/\/www.rehberlik.org.tr\/index.php\/wp-json\/wp\/v2\/comments?post=2995"}],"version-history":[{"count":2,"href":"https:\/\/www.rehberlik.org.tr\/index.php\/wp-json\/wp\/v2\/pages\/2995\/revisions"}],"predecessor-version":[{"id":3100,"href":"https:\/\/www.rehberlik.org.tr\/index.php\/wp-json\/wp\/v2\/pages\/2995\/revisions\/3100"}],"wp:attachment":[{"href":"https:\/\/www.rehberlik.org.tr\/index.php\/wp-json\/wp\/v2\/media?parent=2995"}],"curies":[{"name":"wp","href":"https:\/\/api.w.org\/{rel}","templated":true}]}}